{"id":2205,"date":"2023-08-22T15:38:11","date_gmt":"2023-08-22T15:38:11","guid":{"rendered":"https:\/\/www.wellsco.com.br\/?page_id=2205"},"modified":"2025-12-16T19:40:38","modified_gmt":"2025-12-16T19:40:38","slug":"jeito-wellsco","status":"publish","type":"page","link":"https:\/\/www.wellsco.com.br\/pt\/","title":{"rendered":"Jeito WellsCo."},"content":{"rendered":"\t\t<div data-elementor-type=\"wp-page\" data-elementor-id=\"2205\" class=\"elementor elementor-2205\" data-elementor-post-type=\"page\">\n\t\t\t\t\t\t<section class=\"elementor-section elementor-top-section elementor-element elementor-element-4cb4797 elementor-section-full_width elementor-section-height-min-height elementor-section-height-default elementor-section-items-middle\" data-id=\"4cb4797\" data-element_type=\"section\" data-settings=\"{&quot;background_background&quot;:&quot;classic&quot;}\">\n\t\t\t\t\t\t\t<div class=\"elementor-background-overlay\"><\/div>\n\t\t\t\t\t\t\t<div class=\"elementor-container elementor-column-gap-default\">\n\t\t\t\t\t<div class=\"elementor-column elementor-col-100 elementor-top-column elementor-element elementor-element-ebafe40\" data-id=\"ebafe40\" data-element_type=\"column\">\n\t\t\t<div class=\"elementor-widget-wrap elementor-element-populated\">\n\t\t\t\t\t\t<section class=\"elementor-section elementor-inner-section elementor-element elementor-element-7fd1628 elementor-section-full_width elementor-section-height-default elementor-section-height-default\" data-id=\"7fd1628\" data-element_type=\"section\">\n\t\t\t\t\t\t<div class=\"elementor-container elementor-column-gap-default\">\n\t\t\t\t\t<div class=\"elementor-column elementor-col-50 elementor-inner-column elementor-element elementor-element-6769cd6\" data-id=\"6769cd6\" data-element_type=\"column\">\n\t\t\t<div class=\"elementor-widget-wrap elementor-element-populated\">\n\t\t\t\t\t\t<div class=\"elementor-element elementor-element-982d9e8 elementor-widget elementor-widget-heading\" data-id=\"982d9e8\" data-element_type=\"widget\" data-widget_type=\"heading.default\">\n\t\t\t\t<div class=\"elementor-widget-container\">\n\t\t\t\t\t<p class=\"elementor-heading-title elementor-size-default\">Jeito WellsCo. <\/p>\t\t\t\t<\/div>\n\t\t\t\t<\/div>\n\t\t\t\t<div class=\"elementor-element elementor-element-0e8621b elementor-widget elementor-widget-heading\" data-id=\"0e8621b\" data-element_type=\"widget\" data-widget_type=\"heading.default\">\n\t\t\t\t<div class=\"elementor-widget-container\">\n\t\t\t\t\t<p class=\"elementor-heading-title elementor-size-default\">Nosso <b>estilo<\/b><\/p>\t\t\t\t<\/div>\n\t\t\t\t<\/div>\n\t\t\t\t<div class=\"elementor-element elementor-element-8a3d4cf elementor-widget elementor-widget-heading\" data-id=\"8a3d4cf\" data-element_type=\"widget\" data-widget_type=\"heading.default\">\n\t\t\t\t<div class=\"elementor-widget-container\">\n\t\t\t\t\t<p class=\"elementor-heading-title elementor-size-default\">A WellsCo. Enaltece o trabalho que busca os objetivos de seus clientes com uma estrat\u00e9gia genu\u00edna de crescimento, por meio de um atendimento <b>personalizado<\/b> e <b>\u00e1gil<\/b>, que faz toda a diferen\u00e7a nos resultados.\n<br><br>\nNosso time de consultoria elabora estudos minuciosos para identificar as melhores op\u00e7\u00f5es para as organiza\u00e7\u00f5es, enquanto nossa \u00e1rea de Outsourcing \u00e9 composta por especialistas altamente capacitados, que possuem uma abordagem sempre consultiva.\n<br><br>\nSua empresa nunca receber\u00e1 um apenas balan\u00e7o repleto de siglas e informa\u00e7\u00f5es de dif\u00edcil compreens\u00e3o. Nossa ess\u00eancia \u00e9 sempre fornecer insights relevantes para aprimoramento do seu neg\u00f3cio.\n<\/p>\t\t\t\t<\/div>\n\t\t\t\t<\/div>\n\t\t\t\t\t<\/div>\n\t\t<\/div>\n\t\t\t\t<div class=\"elementor-column elementor-col-50 elementor-inner-column elementor-element elementor-element-bb012d0\" data-id=\"bb012d0\" data-element_type=\"column\">\n\t\t\t<div class=\"elementor-widget-wrap\">\n\t\t\t\t\t\t\t<\/div>\n\t\t<\/div>\n\t\t\t\t\t<\/div>\n\t\t<\/section>\n\t\t\t\t<section class=\"elementor-section elementor-inner-section elementor-element elementor-element-87ea09b elementor-section-full_width elementor-section-height-default elementor-section-height-default\" data-id=\"87ea09b\" data-element_type=\"section\">\n\t\t\t\t\t\t<div class=\"elementor-container elementor-column-gap-default\">\n\t\t\t\t\t<div class=\"elementor-column elementor-col-50 elementor-inner-column elementor-element elementor-element-a649c09\" data-id=\"a649c09\" data-element_type=\"column\">\n\t\t\t<div class=\"elementor-widget-wrap elementor-element-populated\">\n\t\t\t\t\t\t<div class=\"elementor-element elementor-element-c6e86d9 elementor-widget__width-initial elementor-widget-mobile__width-initial elementor-widget elementor-widget-heading\" data-id=\"c6e86d9\" data-element_type=\"widget\" data-widget_type=\"heading.default\">\n\t\t\t\t<div class=\"elementor-widget-container\">\n\t\t\t\t\t<p class=\"elementor-heading-title elementor-size-default\">Onde a <b>efici\u00eancia <\/b>encontra a <b>excel\u00eancia<\/b>, o <b>sucesso <\/b>se torna a <b>\u00fanica op\u00e7\u00e3o.<\/b><\/p>\t\t\t\t<\/div>\n\t\t\t\t<\/div>\n\t\t\t\t<div class=\"elementor-element elementor-element-8e0655c elementor-widget elementor-widget-heading\" data-id=\"8e0655c\" data-element_type=\"widget\" data-widget_type=\"heading.default\">\n\t\t\t\t<div class=\"elementor-widget-container\">\n\t\t\t\t\t<p class=\"elementor-heading-title elementor-size-default\">Na WellsCo. aliamos tradi\u00e7\u00e3o e inova\u00e7\u00e3o em perfeita sintonia, proporcionando um servi\u00e7o de qualidade incompar\u00e1vel. <b>Cada detalhe \u00e9 cuidadosamente planejado para superar expectativas e impulsionar o sucesso dos nossos clientes.<\/b><\/p>\t\t\t\t<\/div>\n\t\t\t\t<\/div>\n\t\t\t\t\t<\/div>\n\t\t<\/div>\n\t\t\t\t<div class=\"elementor-column elementor-col-50 elementor-inner-column elementor-element elementor-element-1c76f2a\" data-id=\"1c76f2a\" data-element_type=\"column\">\n\t\t\t<div class=\"elementor-widget-wrap\">\n\t\t\t\t\t\t\t<\/div>\n\t\t<\/div>\n\t\t\t\t\t<\/div>\n\t\t<\/section>\n\t\t\t\t\t<\/div>\n\t\t<\/div>\n\t\t\t\t\t<\/div>\n\t\t<\/section>\n\t\t\t\t<\/div>\n\t\t","protected":false},"excerpt":{"rendered":"<p>Jeito WellsCo. Nosso estilo A WellsCo. Enaltece o trabalho que busca os objetivos de seus clientes com uma estrat\u00e9gia genu\u00edna de crescimento, por meio de um atendimento personalizado e \u00e1gil, que faz toda a diferen\u00e7a nos resultados. Nosso time de consultoria elabora estudos minuciosos para identificar as melhores op\u00e7\u00f5es para as organiza\u00e7\u00f5es, enquanto nossa \u00e1rea &hellip; <\/p>\n<p class=\"link-more\"><a href=\"https:\/\/www.wellsco.com.br\/pt\/\" class=\"more-link\">Continue lendo<span class=\"screen-reader-text\"> &#8220;Jeito WellsCo.&#8221;<\/span><\/a><\/p>\n","protected":false},"author":1,"featured_media":0,"parent":0,"menu_order":0,"comment_status":"closed","ping_status":"closed","template":"elementor_header_footer","meta":{"footnotes":""},"class_list":["post-2205","page","type-page","status-publish","hentry","entry"],"_links":{"self":[{"href":"https:\/\/www.wellsco.com.br\/pt\/wp-json\/wp\/v2\/pages\/2205","targetHints":{"allow":["GET"]}}],"collection":[{"href":"https:\/\/www.wellsco.com.br\/pt\/wp-json\/wp\/v2\/pages"}],"about":[{"href":"https:\/\/www.wellsco.com.br\/pt\/wp-json\/wp\/v2\/types\/page"}],"author":[{"embeddable":true,"href":"https:\/\/www.wellsco.com.br\/pt\/wp-json\/wp\/v2\/users\/1"}],"replies":[{"embeddable":true,"href":"https:\/\/www.wellsco.com.br\/pt\/wp-json\/wp\/v2\/comments?post=2205"}],"version-history":[{"count":71,"href":"https:\/\/www.wellsco.com.br\/pt\/wp-json\/wp\/v2\/pages\/2205\/revisions"}],"predecessor-version":[{"id":2864,"href":"https:\/\/www.wellsco.com.br\/pt\/wp-json\/wp\/v2\/pages\/2205\/revisions\/2864"}],"wp:attachment":[{"href":"https:\/\/www.wellsco.com.br\/pt\/wp-json\/wp\/v2\/media?parent=2205"}],"curies":[{"name":"wp","href":"https:\/\/api.w.org\/{rel}","templated":true}]}}