{"id":2217,"date":"2023-08-22T16:05:05","date_gmt":"2023-08-22T16:05:05","guid":{"rendered":"https:\/\/www.wellsco.com.br\/?page_id=2217"},"modified":"2025-12-16T20:21:52","modified_gmt":"2025-12-16T20:21:52","slug":"solucoes","status":"publish","type":"page","link":"https:\/\/www.wellsco.com.br\/pt\/solucoes\/","title":{"rendered":"Solu\u00e7\u00f5es"},"content":{"rendered":"\t\t<div data-elementor-type=\"wp-page\" data-elementor-id=\"2217\" class=\"elementor elementor-2217\" data-elementor-post-type=\"page\">\n\t\t\t\t\t\t<section class=\"elementor-section elementor-top-section elementor-element elementor-element-b355f01 elementor-section-full_width elementor-section-height-min-height elementor-section-height-default elementor-section-items-middle\" data-id=\"b355f01\" data-element_type=\"section\" data-settings=\"{&quot;background_background&quot;:&quot;classic&quot;}\">\n\t\t\t\t\t\t<div class=\"elementor-container elementor-column-gap-default\">\n\t\t\t\t\t<div class=\"elementor-column elementor-col-100 elementor-top-column elementor-element elementor-element-01b6f24\" data-id=\"01b6f24\" data-element_type=\"column\">\n\t\t\t<div class=\"elementor-widget-wrap elementor-element-populated\">\n\t\t\t\t\t\t<section class=\"elementor-section elementor-inner-section elementor-element elementor-element-7fd1628 elementor-section-full_width elementor-section-height-default elementor-section-height-default\" data-id=\"7fd1628\" data-element_type=\"section\">\n\t\t\t\t\t\t<div class=\"elementor-container elementor-column-gap-default\">\n\t\t\t\t\t<div class=\"elementor-column elementor-col-100 elementor-inner-column elementor-element elementor-element-6769cd6\" data-id=\"6769cd6\" data-element_type=\"column\">\n\t\t\t<div class=\"elementor-widget-wrap elementor-element-populated\">\n\t\t\t\t\t\t<div class=\"elementor-element elementor-element-982d9e8 elementor-widget elementor-widget-heading\" data-id=\"982d9e8\" data-element_type=\"widget\" data-widget_type=\"heading.default\">\n\t\t\t\t<div class=\"elementor-widget-container\">\n\t\t\t\t\t<p class=\"elementor-heading-title elementor-size-default\">Cada detalhe conta<\/p>\t\t\t\t<\/div>\n\t\t\t\t<\/div>\n\t\t\t\t<div class=\"elementor-element elementor-element-0e8621b elementor-widget elementor-widget-heading\" data-id=\"0e8621b\" data-element_type=\"widget\" data-widget_type=\"heading.default\">\n\t\t\t\t<div class=\"elementor-widget-container\">\n\t\t\t\t\t<p class=\"elementor-heading-title elementor-size-default\">Solu\u00e7\u00f5es<\/p>\t\t\t\t<\/div>\n\t\t\t\t<\/div>\n\t\t\t\t\t<\/div>\n\t\t<\/div>\n\t\t\t\t\t<\/div>\n\t\t<\/section>\n\t\t\t\t<section class=\"elementor-section elementor-inner-section elementor-element elementor-element-0474845 elementor-section-full_width elementor-section-height-default elementor-section-height-default\" data-id=\"0474845\" data-element_type=\"section\">\n\t\t\t\t\t\t<div class=\"elementor-container elementor-column-gap-default\">\n\t\t\t\t\t<div class=\"elementor-column elementor-col-33 elementor-inner-column elementor-element elementor-element-83b7cb8\" data-id=\"83b7cb8\" data-element_type=\"column\" data-settings=\"{&quot;background_background&quot;:&quot;classic&quot;}\">\n\t\t\t<div class=\"elementor-widget-wrap elementor-element-populated\">\n\t\t\t\t\t\t<div class=\"elementor-element elementor-element-05a85d0 elementor-widget elementor-widget-heading\" data-id=\"05a85d0\" data-element_type=\"widget\" data-widget_type=\"heading.default\">\n\t\t\t\t<div class=\"elementor-widget-container\">\n\t\t\t\t\t<p class=\"elementor-heading-title elementor-size-default\"><b>Consultoria<br>\n<\/b>e <b>Advisory<\/b><\/p>\t\t\t\t<\/div>\n\t\t\t\t<\/div>\n\t\t\t\t<div class=\"elementor-element elementor-element-2df23f5 elementor-widget elementor-widget-heading\" data-id=\"2df23f5\" data-element_type=\"widget\" data-widget_type=\"heading.default\">\n\t\t\t\t<div class=\"elementor-widget-container\">\n\t\t\t\t\t<p class=\"elementor-heading-title elementor-size-default\">Cuidamos das organiza\u00e7\u00f5es de forma assertiva em seu mapeamento de processos e a revis\u00e3o de sua carga tribut\u00e1ria.<\/p>\t\t\t\t<\/div>\n\t\t\t\t<\/div>\n\t\t\t\t\t<\/div>\n\t\t<\/div>\n\t\t\t\t<div class=\"elementor-column elementor-col-33 elementor-inner-column elementor-element elementor-element-b029ac9\" data-id=\"b029ac9\" data-element_type=\"column\" data-settings=\"{&quot;background_background&quot;:&quot;classic&quot;}\">\n\t\t\t<div class=\"elementor-widget-wrap elementor-element-populated\">\n\t\t\t\t\t\t<div class=\"elementor-element elementor-element-597ae42 elementor-widget elementor-widget-heading\" data-id=\"597ae42\" data-element_type=\"widget\" data-widget_type=\"heading.default\">\n\t\t\t\t<div class=\"elementor-widget-container\">\n\t\t\t\t\t<p class=\"elementor-heading-title elementor-size-default\"><b>Auditoria<br><\/b>\n<\/p>\t\t\t\t<\/div>\n\t\t\t\t<\/div>\n\t\t\t\t<div class=\"elementor-element elementor-element-7a52f32 elementor-widget elementor-widget-heading\" data-id=\"7a52f32\" data-element_type=\"widget\" data-widget_type=\"heading.default\">\n\t\t\t\t<div class=\"elementor-widget-container\">\n\t\t\t\t\t<p class=\"elementor-heading-title elementor-size-default\">Tendo como a confian\u00e7a nossa ess\u00eancia, seguimos rigorosos padr\u00f5es cont\u00e1beis e regulamenta\u00e7\u00f5es globais para garantir relat\u00f3rios precisos e confi\u00e1veis. <\/p>\t\t\t\t<\/div>\n\t\t\t\t<\/div>\n\t\t\t\t\t<\/div>\n\t\t<\/div>\n\t\t\t\t<div class=\"elementor-column elementor-col-33 elementor-inner-column elementor-element elementor-element-0c23aeb\" data-id=\"0c23aeb\" data-element_type=\"column\" data-settings=\"{&quot;background_background&quot;:&quot;classic&quot;}\">\n\t\t\t<div class=\"elementor-widget-wrap elementor-element-populated\">\n\t\t\t\t\t\t<div class=\"elementor-element elementor-element-86dc858 elementor-widget elementor-widget-heading\" data-id=\"86dc858\" data-element_type=\"widget\" data-widget_type=\"heading.default\">\n\t\t\t\t<div class=\"elementor-widget-container\">\n\t\t\t\t\t<p class=\"elementor-heading-title elementor-size-default\"><b>BPO<br><\/b>\nBusiness Process Outsourcing<\/p>\t\t\t\t<\/div>\n\t\t\t\t<\/div>\n\t\t\t\t<div class=\"elementor-element elementor-element-524f45b elementor-widget elementor-widget-heading\" data-id=\"524f45b\" data-element_type=\"widget\" data-widget_type=\"heading.default\">\n\t\t\t\t<div class=\"elementor-widget-container\">\n\t\t\t\t\t<p class=\"elementor-heading-title elementor-size-default\">Nossos especialistas performam na elabora\u00e7\u00e3o de c\u00e1lculos tribut\u00e1rios, trabalhista e previdenci\u00e1rio enquanto voc\u00ea foca em impulsionar o crescimento do negocio.<\/p>\t\t\t\t<\/div>\n\t\t\t\t<\/div>\n\t\t\t\t\t<\/div>\n\t\t<\/div>\n\t\t\t\t\t<\/div>\n\t\t<\/section>\n\t\t\t\t<section class=\"elementor-section elementor-inner-section elementor-element elementor-element-ad80619 elementor-section-full_width elementor-section-height-default elementor-section-height-default\" data-id=\"ad80619\" data-element_type=\"section\">\n\t\t\t\t\t\t<div class=\"elementor-container elementor-column-gap-default\">\n\t\t\t\t\t<div class=\"elementor-column elementor-col-33 elementor-inner-column elementor-element elementor-element-412dc15\" data-id=\"412dc15\" data-element_type=\"column\" data-settings=\"{&quot;background_background&quot;:&quot;classic&quot;}\">\n\t\t\t<div class=\"elementor-widget-wrap elementor-element-populated\">\n\t\t\t\t\t\t<div class=\"elementor-element elementor-element-e173701 elementor-widget elementor-widget-heading\" data-id=\"e173701\" data-element_type=\"widget\" data-widget_type=\"heading.default\">\n\t\t\t\t<div class=\"elementor-widget-container\">\n\t\t\t\t\t<p class=\"elementor-heading-title elementor-size-default\"><b>Startups<\/b><br>\n<\/p>\t\t\t\t<\/div>\n\t\t\t\t<\/div>\n\t\t\t\t<div class=\"elementor-element elementor-element-97dae46 elementor-widget elementor-widget-heading\" data-id=\"97dae46\" data-element_type=\"widget\" data-widget_type=\"heading.default\">\n\t\t\t\t<div class=\"elementor-widget-container\">\n\t\t\t\t\t<p class=\"elementor-heading-title elementor-size-default\">Atuamos de forma assertiva na terceiriza\u00e7\u00e3o completa do backoffice de Startups locais e internacionais, permitindo que dediquem inteiramente seus recursos ao crucial est\u00e1gio inicial de crescimento empresarial.<\/p>\t\t\t\t<\/div>\n\t\t\t\t<\/div>\n\t\t\t\t\t<\/div>\n\t\t<\/div>\n\t\t\t\t<div class=\"elementor-column elementor-col-33 elementor-inner-column elementor-element elementor-element-6695c91\" data-id=\"6695c91\" data-element_type=\"column\" data-settings=\"{&quot;background_background&quot;:&quot;classic&quot;}\">\n\t\t\t<div class=\"elementor-widget-wrap elementor-element-populated\">\n\t\t\t\t\t\t<div class=\"elementor-element elementor-element-e3abe72 elementor-widget elementor-widget-heading\" data-id=\"e3abe72\" data-element_type=\"widget\" data-widget_type=\"heading.default\">\n\t\t\t\t<div class=\"elementor-widget-container\">\n\t\t\t\t\t<p class=\"elementor-heading-title elementor-size-default\"><b>M&amp;A<br><\/b>\n<\/p>\t\t\t\t<\/div>\n\t\t\t\t<\/div>\n\t\t\t\t<div class=\"elementor-element elementor-element-ffd324f elementor-widget elementor-widget-heading\" data-id=\"ffd324f\" data-element_type=\"widget\" data-widget_type=\"heading.default\">\n\t\t\t\t<div class=\"elementor-widget-container\">\n\t\t\t\t\t<p class=\"elementor-heading-title elementor-size-default\">Assessoramos nas opera\u00e7\u00f5es de fus\u00f5es e aquisi\u00e7\u00f5es, com foco em an\u00e1lise financeira e mitiga\u00e7\u00e3o de riscos, conting\u00eancias e oportunidade tribut\u00e1rias.<\/p>\t\t\t\t<\/div>\n\t\t\t\t<\/div>\n\t\t\t\t\t<\/div>\n\t\t<\/div>\n\t\t\t\t<div class=\"elementor-column elementor-col-33 elementor-inner-column elementor-element elementor-element-1c7aa80\" data-id=\"1c7aa80\" data-element_type=\"column\" data-settings=\"{&quot;background_background&quot;:&quot;classic&quot;}\">\n\t\t\t<div class=\"elementor-widget-wrap elementor-element-populated\">\n\t\t\t\t\t\t<div class=\"elementor-element elementor-element-ebb14c1 elementor-widget elementor-widget-heading\" data-id=\"ebb14c1\" data-element_type=\"widget\" data-widget_type=\"heading.default\">\n\t\t\t\t<div class=\"elementor-widget-container\">\n\t\t\t\t\t<p class=\"elementor-heading-title elementor-size-default\"><b>Representa\u00e7\u00e3o Legal <br><\/b><\/p>\t\t\t\t<\/div>\n\t\t\t\t<\/div>\n\t\t\t\t<div class=\"elementor-element elementor-element-42aad16 elementor-widget elementor-widget-heading\" data-id=\"42aad16\" data-element_type=\"widget\" data-widget_type=\"heading.default\">\n\t\t\t\t<div class=\"elementor-widget-container\">\n\t\t\t\t\t<p class=\"elementor-heading-title elementor-size-default\">Representa\u00e7\u00e3o legal no Brasil para empresas e pessoas estrangeiras, garantindo conformidade regulat\u00f3ria e seguran\u00e7a jur\u00eddica do Brasil.<\/p>\t\t\t\t<\/div>\n\t\t\t\t<\/div>\n\t\t\t\t\t<\/div>\n\t\t<\/div>\n\t\t\t\t\t<\/div>\n\t\t<\/section>\n\t\t\t\t<section class=\"elementor-section elementor-inner-section elementor-element elementor-element-823f2a9 elementor-section-full_width elementor-section-height-default elementor-section-height-default\" data-id=\"823f2a9\" data-element_type=\"section\">\n\t\t\t\t\t\t<div class=\"elementor-container elementor-column-gap-default\">\n\t\t\t\t\t<div class=\"elementor-column elementor-col-100 elementor-inner-column elementor-element elementor-element-c2a62b7\" data-id=\"c2a62b7\" data-element_type=\"column\" data-settings=\"{&quot;background_background&quot;:&quot;classic&quot;}\">\n\t\t\t<div class=\"elementor-widget-wrap elementor-element-populated\">\n\t\t\t\t\t\t<div class=\"elementor-element elementor-element-3484e6e elementor-widget elementor-widget-heading\" data-id=\"3484e6e\" data-element_type=\"widget\" data-widget_type=\"heading.default\">\n\t\t\t\t<div class=\"elementor-widget-container\">\n\t\t\t\t\t<p class=\"elementor-heading-title elementor-size-default\"><b>Gest\u00e3o Tribut\u00e1ria e Cont\u00e1bil de Investimentos no Exterior<br>\n<\/p>\t\t\t\t<\/div>\n\t\t\t\t<\/div>\n\t\t\t\t<div class=\"elementor-element elementor-element-4295796 elementor-widget elementor-widget-heading\" data-id=\"4295796\" data-element_type=\"widget\" data-widget_type=\"heading.default\">\n\t\t\t\t<div class=\"elementor-widget-container\">\n\t\t\t\t\t<p class=\"elementor-heading-title elementor-size-default\">Gest\u00e3o tribut\u00e1ria e cont\u00e1bil de investimentos no exterior, assegurando conformidade e efici\u00eancia fiscal com emiss\u00e3o de relat\u00f3rios para consolida\u00e7\u00e3o no Brasil em atendimento ao fisco.<\/p>\t\t\t\t<\/div>\n\t\t\t\t<\/div>\n\t\t\t\t\t<\/div>\n\t\t<\/div>\n\t\t\t\t\t<\/div>\n\t\t<\/section>\n\t\t\t\t\t<\/div>\n\t\t<\/div>\n\t\t\t\t\t<\/div>\n\t\t<\/section>\n\t\t\t\t<\/div>\n\t\t","protected":false},"excerpt":{"rendered":"<p>Cada detalhe conta Solu\u00e7\u00f5es Consultoria e Advisory Cuidamos das organiza\u00e7\u00f5es de forma assertiva em seu mapeamento de processos e a revis\u00e3o de sua carga tribut\u00e1ria. Auditoria Tendo como a confian\u00e7a nossa ess\u00eancia, seguimos rigorosos padr\u00f5es cont\u00e1beis e regulamenta\u00e7\u00f5es globais para garantir relat\u00f3rios precisos e confi\u00e1veis. BPO Business Process Outsourcing Nossos especialistas performam na elabora\u00e7\u00e3o de &hellip; <\/p>\n<p class=\"link-more\"><a href=\"https:\/\/www.wellsco.com.br\/pt\/solucoes\/\" class=\"more-link\">Continue lendo<span class=\"screen-reader-text\"> &#8220;Solu\u00e7\u00f5es&#8221;<\/span><\/a><\/p>\n","protected":false},"author":1,"featured_media":0,"parent":0,"menu_order":0,"comment_status":"closed","ping_status":"closed","template":"elementor_header_footer","meta":{"footnotes":""},"class_list":["post-2217","page","type-page","status-publish","hentry","entry"],"_links":{"self":[{"href":"https:\/\/www.wellsco.com.br\/pt\/wp-json\/wp\/v2\/pages\/2217","targetHints":{"allow":["GET"]}}],"collection":[{"href":"https:\/\/www.wellsco.com.br\/pt\/wp-json\/wp\/v2\/pages"}],"about":[{"href":"https:\/\/www.wellsco.com.br\/pt\/wp-json\/wp\/v2\/types\/page"}],"author":[{"embeddable":true,"href":"https:\/\/www.wellsco.com.br\/pt\/wp-json\/wp\/v2\/users\/1"}],"replies":[{"embeddable":true,"href":"https:\/\/www.wellsco.com.br\/pt\/wp-json\/wp\/v2\/comments?post=2217"}],"version-history":[{"count":140,"href":"https:\/\/www.wellsco.com.br\/pt\/wp-json\/wp\/v2\/pages\/2217\/revisions"}],"predecessor-version":[{"id":2981,"href":"https:\/\/www.wellsco.com.br\/pt\/wp-json\/wp\/v2\/pages\/2217\/revisions\/2981"}],"wp:attachment":[{"href":"https:\/\/www.wellsco.com.br\/pt\/wp-json\/wp\/v2\/media?parent=2217"}],"curies":[{"name":"wp","href":"https:\/\/api.w.org\/{rel}","templated":true}]}}