{"id":2235,"date":"2023-08-22T17:32:57","date_gmt":"2023-08-22T17:32:57","guid":{"rendered":"https:\/\/www.wellsco.com.br\/?page_id=2235"},"modified":"2023-09-05T18:26:51","modified_gmt":"2023-09-05T18:26:51","slug":"bpo","status":"publish","type":"page","link":"https:\/\/www.wellsco.com.br\/pt\/bpo\/","title":{"rendered":"BPO &#8211; Business Process Outsourcing &#8211; new"},"content":{"rendered":"\t\t<div data-elementor-type=\"wp-page\" data-elementor-id=\"2235\" class=\"elementor elementor-2235\" data-elementor-post-type=\"page\">\n\t\t\t\t\t\t<section class=\"elementor-section elementor-top-section elementor-element elementor-element-4cb4797 elementor-section-full_width elementor-section-height-min-height elementor-section-height-default elementor-section-items-middle\" data-id=\"4cb4797\" data-element_type=\"section\" data-settings=\"{&quot;background_background&quot;:&quot;classic&quot;}\">\n\t\t\t\t\t\t\t<div class=\"elementor-background-overlay\"><\/div>\n\t\t\t\t\t\t\t<div class=\"elementor-container elementor-column-gap-default\">\n\t\t\t\t\t<div class=\"elementor-column elementor-col-100 elementor-top-column elementor-element elementor-element-ebafe40\" data-id=\"ebafe40\" data-element_type=\"column\">\n\t\t\t<div class=\"elementor-widget-wrap elementor-element-populated\">\n\t\t\t\t\t\t<section class=\"elementor-section elementor-inner-section elementor-element elementor-element-7fd1628 elementor-section-full_width elementor-section-height-default elementor-section-height-default\" data-id=\"7fd1628\" data-element_type=\"section\">\n\t\t\t\t\t\t<div class=\"elementor-container elementor-column-gap-default\">\n\t\t\t\t\t<div class=\"elementor-column elementor-col-100 elementor-inner-column elementor-element elementor-element-6769cd6\" data-id=\"6769cd6\" data-element_type=\"column\">\n\t\t\t<div class=\"elementor-widget-wrap elementor-element-populated\">\n\t\t\t\t\t\t<div class=\"elementor-element elementor-element-0e8621b elementor-widget elementor-widget-heading\" data-id=\"0e8621b\" data-element_type=\"widget\" data-widget_type=\"heading.default\">\n\t\t\t\t<div class=\"elementor-widget-container\">\n\t\t\t\t\t<p class=\"elementor-heading-title elementor-size-default\"><b>BPO<\/b><br>\nBusiness Process Outsourcing<\/p>\t\t\t\t<\/div>\n\t\t\t\t<\/div>\n\t\t\t\t\t<\/div>\n\t\t<\/div>\n\t\t\t\t\t<\/div>\n\t\t<\/section>\n\t\t\t\t\t<\/div>\n\t\t<\/div>\n\t\t\t\t\t<\/div>\n\t\t<\/section>\n\t\t\t\t<section class=\"elementor-section elementor-top-section elementor-element elementor-element-bf97627 elementor-section-full_width elementor-section-height-min-height elementor-section-height-default elementor-section-items-middle\" data-id=\"bf97627\" data-element_type=\"section\" data-settings=\"{&quot;background_background&quot;:&quot;classic&quot;}\">\n\t\t\t\t\t\t<div class=\"elementor-container elementor-column-gap-default\">\n\t\t\t\t\t<div class=\"elementor-column elementor-col-100 elementor-top-column elementor-element elementor-element-d8bbbe5\" data-id=\"d8bbbe5\" data-element_type=\"column\">\n\t\t\t<div class=\"elementor-widget-wrap elementor-element-populated\">\n\t\t\t\t\t\t<section class=\"elementor-section elementor-inner-section elementor-element elementor-element-60d5dc0 elementor-section-full_width elementor-section-height-default elementor-section-height-default\" data-id=\"60d5dc0\" data-element_type=\"section\">\n\t\t\t\t\t\t<div class=\"elementor-container elementor-column-gap-default\">\n\t\t\t\t\t<div class=\"elementor-column elementor-col-33 elementor-inner-column elementor-element elementor-element-2aafe92\" data-id=\"2aafe92\" data-element_type=\"column\">\n\t\t\t<div class=\"elementor-widget-wrap elementor-element-populated\">\n\t\t\t\t\t\t<div class=\"elementor-element elementor-element-80246f5 elementor-widget elementor-widget-heading\" data-id=\"80246f5\" data-element_type=\"widget\" data-widget_type=\"heading.default\">\n\t\t\t\t<div class=\"elementor-widget-container\">\n\t\t\t\t\t<p class=\"elementor-heading-title elementor-size-default\">Onde os neg\u00f3cios s\u00e3o <b>din\u00e2micos<\/b>, <br>a efici\u00eancia \u00e9 a chave para o <b>sucesso.<\/b> <\/p>\t\t\t\t<\/div>\n\t\t\t\t<\/div>\n\t\t\t\t<div class=\"elementor-element elementor-element-089eaeb elementor-widget elementor-widget-heading\" data-id=\"089eaeb\" data-element_type=\"widget\" data-widget_type=\"heading.default\">\n\t\t\t\t<div class=\"elementor-widget-container\">\n\t\t\t\t\t<p class=\"elementor-heading-title elementor-size-default\">Deixe o BPO com os <b>experts da WellsCo.<\/b><br>Foque no que \u00e9 importante para sua empresa.<\/p>\t\t\t\t<\/div>\n\t\t\t\t<\/div>\n\t\t\t\t<div class=\"elementor-element elementor-element-6e807fd elementor-widget elementor-widget-heading\" data-id=\"6e807fd\" data-element_type=\"widget\" data-widget_type=\"heading.default\">\n\t\t\t\t<div class=\"elementor-widget-container\">\n\t\t\t\t\t<p class=\"elementor-heading-title elementor-size-default\"><b>Contabilidade<\/b><br>\nPotencialize o controle financeiro do seu neg\u00f3cio com a nossa Contabilidade. Nosso time se encarrega das demonstra\u00e7\u00f5es financeiras mensais, incluindo balan\u00e7os, DRE, balancetes e relat\u00f3rios econ\u00f4micos. Garantimos informa\u00e7\u00f5es precisas e confi\u00e1veis, totalmente alinhadas com as normas cont\u00e1beis nacionais e internacionais, como IFRS, USSGAP e BRGAP.\n<br><br>\n<b>Tribut\u00e1rio e Impostos<\/b><br>\nCom nossa abordagem automatizada de alto desempenho, eliminamos a necessidade de inser\u00e7\u00e3o manual de notas fiscais, reduzindo significativamente o risco de erros humanos em todo o processo de contabiliza\u00e7\u00e3o e c\u00e1lculo de impostos.\n<br><br>\n\n<b>Trabalhista e Previdenci\u00e1rio<\/b><br>\nDesenvolvemos uma Gest\u00e3o Trabalhista e Previdenci\u00e1ria eficiente atrav\u00e9s de um sistema avan\u00e7ado, gestores e colaboradores t\u00eam acesso instant\u00e2neo e transparente \u00e0s suas informa\u00e7\u00f5es, em tempo real, durante 7 dias da semana, 24 horas por dia.\n<br><br>\n\n<b>Societ\u00e1rio e Legal<\/b><br>\nServi\u00e7os completos para quest\u00f5es Societ\u00e1rias e Legais, desde a abertura, altera\u00e7\u00e3o at\u00e9 o encerramento de empresas. Elaboramos contratos sociais e cuidamos dos processos para obten\u00e7\u00e3o de certificados digitais, regimes especiais, endere\u00e7o fiscal, licen\u00e7as e outros documentos necess\u00e1rios junto aos \u00f3rg\u00e3os nas esferas Federal, Estadual e Municipal.\n<br><br>\n\n<b>Recrutamento e Sele\u00e7\u00e3o<\/b><br>\nPriorizamos encontrar o profissional ideal para o seu neg\u00f3cio por meio de um processo de contrata\u00e7\u00e3o assertivo e eficiente.\n<br><br>\n\n<b>Gest\u00e3o de Benef\u00edcios de RH<\/b><br>\nModelo de presta\u00e7\u00e3o de servi\u00e7os que terceiriza 100% do seu departamento de recursos humanos, proporcionando redu\u00e7\u00e3o de custos e cumprimento de toda a legisla\u00e7\u00e3o pertinente.\n<br><br>\n\nConseguimos superar as expectativas dos colaboradores, reduzir a rotatividade de funcion\u00e1rios e atrair mais talentos para a sua empresa.\n<br><br>\n\n<b>Declara\u00e7\u00f5es acess\u00f3rias \u2013 Federais, Estaduais e Municipais<\/b><br>\nElaboramos ou corrigimos declara\u00e7\u00f5es acess\u00f3rias em todas as esferas \u2013 Federal, Estadual e Municipal \u2013 com revis\u00e3o eletr\u00f4nica antes do envio aos \u00f3rg\u00e3os fiscalizadores.\n<br><br>\n\n<b>Auditoria eletr\u00f4nica das obriga\u00e7\u00f5es acess\u00f3rias<\/b><br>\nContamos com um time de experts da WellsCo., e com ferramentas de auditoria eletr\u00f4nica para validar as informa\u00e7\u00f5es a serem reportadas.\n<br><br>\n\n<b>Family Business<\/b><br>\nMapeamento de processos de sucess\u00e3o ou terceiriza\u00e7\u00e3o das \u00e1reas econ\u00f4micas e financeiras de empresas familiares.\n<\/p>\t\t\t\t<\/div>\n\t\t\t\t<\/div>\n\t\t\t\t\t<\/div>\n\t\t<\/div>\n\t\t\t\t<div class=\"elementor-column elementor-col-33 elementor-inner-column elementor-element elementor-element-05ec1bd\" data-id=\"05ec1bd\" data-element_type=\"column\">\n\t\t\t<div class=\"elementor-widget-wrap\">\n\t\t\t\t\t\t\t<\/div>\n\t\t<\/div>\n\t\t\t\t<div class=\"elementor-column elementor-col-33 elementor-inner-column elementor-element elementor-element-c36f90c\" data-id=\"c36f90c\" data-element_type=\"column\">\n\t\t\t<div class=\"elementor-widget-wrap elementor-element-populated\">\n\t\t\t\t\t\t<section class=\"elementor-section elementor-inner-section elementor-element elementor-element-9f80da0 elementor-section-boxed elementor-section-height-default elementor-section-height-default\" data-id=\"9f80da0\" data-element_type=\"section\">\n\t\t\t\t\t\t<div class=\"elementor-container elementor-column-gap-default\">\n\t\t\t\t\t<div class=\"elementor-column elementor-col-100 elementor-inner-column elementor-element elementor-element-e718657\" data-id=\"e718657\" data-element_type=\"column\">\n\t\t\t<div class=\"elementor-widget-wrap elementor-element-populated\">\n\t\t\t\t\t\t<div class=\"elementor-element elementor-element-e1aa6d3 elementor-widget elementor-widget-heading\" data-id=\"e1aa6d3\" data-element_type=\"widget\" data-widget_type=\"heading.default\">\n\t\t\t\t<div class=\"elementor-widget-container\">\n\t\t\t\t\t<p class=\"elementor-heading-title elementor-size-default\">Conhe\u00e7a mais solu\u00e7\u00f5es para <b>BPO<\/b><br>\n<\/p>\t\t\t\t<\/div>\n\t\t\t\t<\/div>\n\t\t\t\t<div class=\"elementor-element elementor-element-0b712eb elementor-align-left elementor-mobile-align-center elementor-widget elementor-widget-button\" data-id=\"0b712eb\" data-element_type=\"widget\" data-widget_type=\"button.default\">\n\t\t\t\t<div class=\"elementor-widget-container\">\n\t\t\t\t\t\t\t\t\t<div class=\"elementor-button-wrapper\">\n\t\t\t\t\t<a class=\"elementor-button elementor-button-link elementor-size-sm\" href=\"\/fale-com-um-expert\">\n\t\t\t\t\t\t<span class=\"elementor-button-content-wrapper\">\n\t\t\t\t\t\t<span class=\"elementor-button-icon\">\n\t\t\t\t<i aria-hidden=\"true\" class=\"far fa-arrow-alt-circle-right\"><\/i>\t\t\t<\/span>\n\t\t\t\t\t\t\t\t\t<span class=\"elementor-button-text\">Solicite uma proposta<\/span>\n\t\t\t\t\t<\/span>\n\t\t\t\t\t<\/a>\n\t\t\t\t<\/div>\n\t\t\t\t\t\t\t\t<\/div>\n\t\t\t\t<\/div>\n\t\t\t\t\t<\/div>\n\t\t<\/div>\n\t\t\t\t\t<\/div>\n\t\t<\/section>\n\t\t\t\t\t<\/div>\n\t\t<\/div>\n\t\t\t\t\t<\/div>\n\t\t<\/section>\n\t\t\t\t\t<\/div>\n\t\t<\/div>\n\t\t\t\t\t<\/div>\n\t\t<\/section>\n\t\t\t\t<\/div>\n\t\t","protected":false},"excerpt":{"rendered":"<p>BPO Business Process Outsourcing Onde os neg\u00f3cios s\u00e3o din\u00e2micos, a efici\u00eancia \u00e9 a chave para o sucesso. Deixe o BPO com os experts da WellsCo.Foque no que \u00e9 importante para sua empresa. Contabilidade Potencialize o controle financeiro do seu neg\u00f3cio com a nossa Contabilidade. Nosso time se encarrega das demonstra\u00e7\u00f5es financeiras mensais, incluindo balan\u00e7os, DRE, &hellip; <\/p>\n<p class=\"link-more\"><a href=\"https:\/\/www.wellsco.com.br\/pt\/bpo\/\" class=\"more-link\">Continue lendo<span class=\"screen-reader-text\"> &#8220;BPO &#8211; Business Process Outsourcing &#8211; new&#8221;<\/span><\/a><\/p>\n","protected":false},"author":1,"featured_media":0,"parent":0,"menu_order":0,"comment_status":"closed","ping_status":"closed","template":"elementor_header_footer","meta":{"footnotes":""},"class_list":["post-2235","page","type-page","status-publish","hentry","entry"],"_links":{"self":[{"href":"https:\/\/www.wellsco.com.br\/pt\/wp-json\/wp\/v2\/pages\/2235","targetHints":{"allow":["GET"]}}],"collection":[{"href":"https:\/\/www.wellsco.com.br\/pt\/wp-json\/wp\/v2\/pages"}],"about":[{"href":"https:\/\/www.wellsco.com.br\/pt\/wp-json\/wp\/v2\/types\/page"}],"author":[{"embeddable":true,"href":"https:\/\/www.wellsco.com.br\/pt\/wp-json\/wp\/v2\/users\/1"}],"replies":[{"embeddable":true,"href":"https:\/\/www.wellsco.com.br\/pt\/wp-json\/wp\/v2\/comments?post=2235"}],"version-history":[{"count":37,"href":"https:\/\/www.wellsco.com.br\/pt\/wp-json\/wp\/v2\/pages\/2235\/revisions"}],"predecessor-version":[{"id":2682,"href":"https:\/\/www.wellsco.com.br\/pt\/wp-json\/wp\/v2\/pages\/2235\/revisions\/2682"}],"wp:attachment":[{"href":"https:\/\/www.wellsco.com.br\/pt\/wp-json\/wp\/v2\/media?parent=2235"}],"curies":[{"name":"wp","href":"https:\/\/api.w.org\/{rel}","templated":true}]}}